{"id":4307,"date":"2019-07-01T16:34:47","date_gmt":"2019-07-01T16:34:47","guid":{"rendered":"http:\/\/www.schuetzengoldach.ch\/WordPress\/?page_id=4307"},"modified":"2019-07-01T16:34:47","modified_gmt":"2019-07-01T16:34:47","slug":"eidgenoessisches-schuetzenfest-fuer-jugendliche-2019","status":"publish","type":"page","link":"https:\/\/www.schuetzengoldach.ch\/WordPress\/?page_id=4307","title":{"rendered":"Eidgen\u00f6ssisches Sch\u00fctzenfest f\u00fcr Jugendliche 2019"},"content":{"rendered":"ngg_shortcode_0_placeholder\n","protected":false},"excerpt":{"rendered":"","protected":false},"author":1,"featured_media":0,"parent":0,"menu_order":0,"comment_status":"closed","ping_status":"closed","template":"","meta":{"ngg_post_thumbnail":0,"jetpack_post_was_ever_published":false,"footnotes":""},"class_list":["post-4307","page","type-page","status-publish","hentry"],"jetpack_sharing_enabled":true,"jetpack_shortlink":"https:\/\/wp.me\/P7FXO8-17t","jetpack-related-posts":[],"_links":{"self":[{"href":"https:\/\/www.schuetzengoldach.ch\/WordPress\/index.php?rest_route=\/wp\/v2\/pages\/4307","targetHints":{"allow":["GET"]}}],"collection":[{"href":"https:\/\/www.schuetzengoldach.ch\/WordPress\/index.php?rest_route=\/wp\/v2\/pages"}],"about":[{"href":"https:\/\/www.schuetzengoldach.ch\/WordPress\/index.php?rest_route=\/wp\/v2\/types\/page"}],"author":[{"embeddable":true,"href":"https:\/\/www.schuetzengoldach.ch\/WordPress\/index.php?rest_route=\/wp\/v2\/users\/1"}],"replies":[{"embeddable":true,"href":"https:\/\/www.schuetzengoldach.ch\/WordPress\/index.php?rest_route=%2Fwp%2Fv2%2Fcomments&post=4307"}],"version-history":[{"count":0,"href":"https:\/\/www.schuetzengoldach.ch\/WordPress\/index.php?rest_route=\/wp\/v2\/pages\/4307\/revisions"}],"wp:attachment":[{"href":"https:\/\/www.schuetzengoldach.ch\/WordPress\/index.php?rest_route=%2Fwp%2Fv2%2Fmedia&parent=4307"}],"curies":[{"name":"wp","href":"https:\/\/api.w.org\/{rel}","templated":true}]}}