{"id":44,"date":"2016-06-27T14:04:35","date_gmt":"2016-06-27T14:04:35","guid":{"rendered":"http:\/\/www.schuetzengoldach.ch\/WordPress\/?page_id=44"},"modified":"2016-06-27T14:09:07","modified_gmt":"2016-06-27T14:09:07","slug":"unser-verein-nur-eine-seite","status":"publish","type":"page","link":"https:\/\/www.schuetzengoldach.ch\/WordPress\/?page_id=44","title":{"rendered":"Unser Verein"},"content":{"rendered":"<p>Gesch\u00e4tzte Sch\u00fctzenkameradinnen und Sch\u00fctzenkameraden<\/p>\n<div id=\"page\" class=\"site\">\n<div class=\"site-inner\">\n<div id=\"content\" class=\"site-content\">\n<div id=\"primary\" class=\"content-area\">\n<article id=\"post-1\" class=\"post-1 post type-post status-publish format-standard hentry category-unser-verein tag-unser-verein\">\n<div class=\"entry-content\">\n<p class=\"paragraph_style_2\">Das sportliche Schiessen steht f\u00fcr uns Sch\u00fctzinnen und Sch\u00fctzen immer im Vordergrund. Es ist f\u00fcr uns doch immer wieder eine Herausforderung f\u00fcr den Beweis einer guten Kondition und Konzentration. Bei einem gem\u00fctlichen Abend \u2013 am Jahresende \u2013 werden jeweils die verschiedenen Jahresmeister und Wanderpreisgewinner erkoren. Bei uns wird auch viel Wert auf eine gute Kameradschaft gelegt, lautet doch unser Motto \u201eMitmachen kommt vor dem Rang\u201c. Wenn die Kameradschaft stimmt, kommen auch die Resultate und die Freude am Schiesssport.<\/p>\n<p class=\"paragraph_style_2\">Jedes Jahr investieren wir viel Zeit in die Nachwuchsf\u00f6rderung. Unter fachkundiger Leitung von Schiesslehrern bieten wir Kurse auf 10m und 50m Gewehr und Pistole an. Ebenfalls konnten wir dieses Jahr wiederum mit jungen Sch\u00fctzen am Final des St. Gallerb\u00e4rs in Wil teilnehmen. Der Nachwuchs wird auch in unser aktives Vereinsleben integriert.<\/p>\n<p class=\"paragraph_style_2\">Haben wir Ihr Interesse am Schiesssport geweckt? Dann w\u00fcrden wir uns freuen, Sie einmal an einer freien \u00dcbung bei uns im Schiessstand begr\u00fcssen zu d\u00fcrfen.<\/p>\n<p class=\"paragraph_style_2\">Bruno Hauser, Pr\u00e4sident<\/p>\n<\/div>\n<\/article>\n<\/div>\n<\/div>\n<\/div>\n<\/div>\n","protected":false},"excerpt":{"rendered":"<p>Gesch\u00e4tzte Sch\u00fctzenkameradinnen und Sch\u00fctzenkameraden Das sportliche Schiessen steht f\u00fcr uns Sch\u00fctzinnen und Sch\u00fctzen immer im Vordergrund. Es ist f\u00fcr uns doch immer wieder eine Herausforderung f\u00fcr den Beweis einer guten Kondition und Konzentration. Bei einem gem\u00fctlichen Abend \u2013 am Jahresende \u2013 werden jeweils die verschiedenen Jahresmeister und Wanderpreisgewinner erkoren. Bei uns wird auch viel Wert &hellip; <a href=\"https:\/\/www.schuetzengoldach.ch\/WordPress\/?page_id=44\" class=\"more-link\"><span class=\"screen-reader-text\">\u201eUnser Verein\u201c <\/span>weiterlesen<\/a><\/p>\n","protected":false},"author":1,"featured_media":0,"parent":0,"menu_order":0,"comment_status":"closed","ping_status":"closed","template":"","meta":{"ngg_post_thumbnail":0,"jetpack_post_was_ever_published":false,"footnotes":""},"class_list":["post-44","page","type-page","status-publish","hentry"],"jetpack_sharing_enabled":true,"jetpack_shortlink":"https:\/\/wp.me\/P7FXO8-I","jetpack-related-posts":[],"_links":{"self":[{"href":"https:\/\/www.schuetzengoldach.ch\/WordPress\/index.php?rest_route=\/wp\/v2\/pages\/44","targetHints":{"allow":["GET"]}}],"collection":[{"href":"https:\/\/www.schuetzengoldach.ch\/WordPress\/index.php?rest_route=\/wp\/v2\/pages"}],"about":[{"href":"https:\/\/www.schuetzengoldach.ch\/WordPress\/index.php?rest_route=\/wp\/v2\/types\/page"}],"author":[{"embeddable":true,"href":"https:\/\/www.schuetzengoldach.ch\/WordPress\/index.php?rest_route=\/wp\/v2\/users\/1"}],"replies":[{"embeddable":true,"href":"https:\/\/www.schuetzengoldach.ch\/WordPress\/index.php?rest_route=%2Fwp%2Fv2%2Fcomments&post=44"}],"version-history":[{"count":2,"href":"https:\/\/www.schuetzengoldach.ch\/WordPress\/index.php?rest_route=\/wp\/v2\/pages\/44\/revisions"}],"predecessor-version":[{"id":47,"href":"https:\/\/www.schuetzengoldach.ch\/WordPress\/index.php?rest_route=\/wp\/v2\/pages\/44\/revisions\/47"}],"wp:attachment":[{"href":"https:\/\/www.schuetzengoldach.ch\/WordPress\/index.php?rest_route=%2Fwp%2Fv2%2Fmedia&parent=44"}],"curies":[{"name":"wp","href":"https:\/\/api.w.org\/{rel}","templated":true}]}}